{"id":131,"date":"2026-01-08T14:41:45","date_gmt":"2026-01-08T14:41:45","guid":{"rendered":"https:\/\/www.heli-maintenance.ch\/?page_id=131"},"modified":"2026-01-09T14:06:14","modified_gmt":"2026-01-09T14:06:14","slug":"jobs","status":"publish","type":"page","link":"https:\/\/www.heli-maintenance.ch\/index.php\/jobs\/","title":{"rendered":"Jobs"},"content":{"rendered":"\n<div style=\"height:50px\" aria-hidden=\"true\" class=\"wp-block-spacer\"><\/div>\n\n\n\n<h2 class=\"wp-block-heading\">Arbeiten bei der Heli-Maintenance AG<\/h2>\n\n\n\n<p>Die Heli-Maintenance AG ist ein EASA Part-145 zertifizierter Maintenance-Betrieb f\u00fcr Helikopter und Kleinflugzeuge.<br>\nWir sind ein kleines, famili\u00e4res Team und arbeiten direkt am Flugzeug oder Helikopter.\nWenn du selbstst\u00e4ndig arbeitest, Verantwortung \u00fcbernimmst und gerne mitdenkst, bieten wir dir ein Umfeld, in dem du dein technisches Fachwissen sinnvoll und wirkungsvoll einsetzen kannst.<\/p>\n\n\n\n<div style=\"height:100px\" aria-hidden=\"true\" class=\"wp-block-spacer\"><\/div>\n\n\n\n<h3 class=\"wp-block-heading\">Offene Stellen<\/h3>\n\n\n\n<p><a href=\"https:\/\/www.heli-maintenance.ch\/wp-content\/uploads\/2026\/01\/Luftfahrzeugmechaniker_Part66.pdf\" target=\"_blank\" rel=\"noreferrer noopener\">Luftfahrzeugmechaniker\/in 100%<\/a><\/p>\n\n\n\n<div style=\"height:100px\" aria-hidden=\"true\" class=\"wp-block-spacer\"><\/div>\n\n\n\n<p>Zurzeit ist f\u00fcr dich keine oder keine passende Stelle ausgeschrieben?<br>Wenn du meinst, dass du zu uns passt, freuen wir uns auch auf deine Initiativbewerbung per Email.<\/p>\n\n\n\n<div class=\"wp-block-buttons is-layout-flex wp-block-buttons-is-layout-flex\">\n<div class=\"wp-block-button is-style-primary\"><a class=\"wp-block-button__link wp-element-button\" href=\"mailto:info@helimaintenance.ch?subject=Initiativbewerbung\">Jetzt bewerben<\/a><\/div>\n<\/div>\n\n\n\n<div style=\"height:100px\" aria-hidden=\"true\" class=\"wp-block-spacer\"><\/div>\n","protected":false},"excerpt":{"rendered":"<p>Arbeiten bei der Heli-Maintenance AG Die Heli-Maintenance AG ist ein EASA Part-145 zertifizierter Maintenance-Betrieb f\u00fcr Helikopter und Kleinflugzeuge. Wir sind ein kleines, famili\u00e4res Team und arbeiten direkt am Flugzeug oder Helikopter. Wenn du selbstst\u00e4ndig arbeitest, Verantwortung \u00fcbernimmst und gerne mitdenkst, bieten wir dir ein Umfeld, in dem du dein technisches Fachwissen sinnvoll und wirkungsvoll einsetzen&hellip;&nbsp;<\/p>\n","protected":false},"author":1,"featured_media":0,"parent":0,"menu_order":0,"comment_status":"closed","ping_status":"closed","template":"","meta":{"neve_meta_sidebar":"","neve_meta_container":"","neve_meta_enable_content_width":"","neve_meta_content_width":0,"neve_meta_title_alignment":"","neve_meta_author_avatar":"","neve_post_elements_order":"","neve_meta_disable_header":"","neve_meta_disable_footer":"","neve_meta_disable_title":"","footnotes":""},"class_list":["post-131","page","type-page","status-publish","hentry"],"_links":{"self":[{"href":"https:\/\/www.heli-maintenance.ch\/index.php\/wp-json\/wp\/v2\/pages\/131","targetHints":{"allow":["GET"]}}],"collection":[{"href":"https:\/\/www.heli-maintenance.ch\/index.php\/wp-json\/wp\/v2\/pages"}],"about":[{"href":"https:\/\/www.heli-maintenance.ch\/index.php\/wp-json\/wp\/v2\/types\/page"}],"author":[{"embeddable":true,"href":"https:\/\/www.heli-maintenance.ch\/index.php\/wp-json\/wp\/v2\/users\/1"}],"replies":[{"embeddable":true,"href":"https:\/\/www.heli-maintenance.ch\/index.php\/wp-json\/wp\/v2\/comments?post=131"}],"version-history":[{"count":4,"href":"https:\/\/www.heli-maintenance.ch\/index.php\/wp-json\/wp\/v2\/pages\/131\/revisions"}],"predecessor-version":[{"id":143,"href":"https:\/\/www.heli-maintenance.ch\/index.php\/wp-json\/wp\/v2\/pages\/131\/revisions\/143"}],"wp:attachment":[{"href":"https:\/\/www.heli-maintenance.ch\/index.php\/wp-json\/wp\/v2\/media?parent=131"}],"curies":[{"name":"wp","href":"https:\/\/api.w.org\/{rel}","templated":true}]}}