{"id":20,"date":"2026-01-08T07:11:10","date_gmt":"2026-01-08T07:11:10","guid":{"rendered":"https:\/\/www.heli-maintenance.ch\/?page_id=20"},"modified":"2026-01-29T15:30:43","modified_gmt":"2026-01-29T15:30:43","slug":"home","status":"publish","type":"page","link":"https:\/\/www.heli-maintenance.ch\/","title":{"rendered":"Home"},"content":{"rendered":"\n<div style=\"height:100px\" aria-hidden=\"true\" class=\"wp-block-spacer\"><\/div>\n\n\n\n<div class=\"wp-block-columns is-layout-flex wp-container-core-columns-is-layout-9d6595d7 wp-block-columns-is-layout-flex\">\n<div class=\"wp-block-column is-layout-flow wp-block-column-is-layout-flow\" style=\"flex-basis:66.66%\">\n<h1>Willkommen<\/h1>\n<p>Herzlich Willkommen bei der Heli-Maintenance AG.<br \/>Wir f\u00fchren Wartungs- und Reparaturdienstleistungen f\u00fcr Fl\u00e4chenflugzeuge und Helikopter am Flughafen St. Gallen-Altenrhein durch.<\/p>\n<p>F\u00fcr Fragen oder eine individuelle Beratung stehen wir Ihnen gerne zur Verf\u00fcgung.<\/p>\n<p>\u00a0<\/p>\n<h2>Aktuell<\/h2>\n<p>Seit Januar 2026 ist die Heli-Maintenance AG neu aufgestellt.<br \/>Unter der Leitung von Gesch\u00e4ftsf\u00fchrer Marc Steinemann werden die bestehenden T\u00e4tigkeiten fortgef\u00fchrt und in Zusammenarbeit mit der <a href=\"https:\/\/www.seiferle-aviation.ch\">Seiferle Aviation AG<\/a> gezielt ausgebaut.<\/p>\n<\/div>\n\n\n\n<div class=\"wp-block-column linie-links is-layout-flow wp-block-column-is-layout-flow\" style=\"flex-basis:33.33%\">\n<p><strong>Heli-Maintenance AG<\/strong><br \/>R\u00fctiweg 1340<br \/>9423 Altenrhein<\/p>\n<p><strong>\u00d6ffnungszeiten<\/strong><br \/>Mo \u2013 Fr<br \/>07:00 \u2013 12:00 \/ 13:00 \u2013 16:00<\/p>\n<p><strong>Telefon<\/strong> <br \/><a href=\"tel:+41718555021\">+41 71 855 50 21<\/a><\/p>\n<p><strong>E-Mail<\/strong><br \/><a href=\"mailto:info@helimaintenance.ch?subject=Kontaktanfrage\">info@helimaintenance.ch<\/a><\/p>\n<p><strong>Airport<\/strong><br \/>LSZR<\/p>\n<\/div>\n<\/div>\n\n\n\n<div class=\"wp-block-uagb-separator uagb-block-e1b28405\"><div class=\"wp-block-uagb-separator__inner\" style=\"--my-background-image:\"><\/div><\/div>\n\n\n\n<iframe src=\"https:\/\/www.google.com\/maps\/embed?pb=!1m18!1m12!1m3!1d2906.7649364308645!2d9.559440176611636!3d47.4873847711791!2m3!1f0!2f0!3f0!3m2!1i1024!2i768!4f13.1!3m3!1m2!1s0x479b1b004eff9761%3A0x91ed6df8e15bb12b!2sHeli-Maintenance%20AG!5e1!3m2!1sde!2sch!4v1767968577428!5m2!1sde!2sch\" width=\"100%\" height=\"500\" style=\"border:0;\" allowfullscreen=\"\" loading=\"lazy\" referrerpolicy=\"no-referrer-when-downgrade\"><\/iframe>\n","protected":false},"excerpt":{"rendered":"<p>Willkommen Herzlich Willkommen bei der Heli-Maintenance AG.Wir f\u00fchren Wartungs- und Reparaturdienstleistungen f\u00fcr Fl\u00e4chenflugzeuge und Helikopter am Flughafen St. Gallen-Altenrhein durch. F\u00fcr Fragen oder eine individuelle Beratung stehen wir Ihnen gerne zur Verf\u00fcgung. \u00a0 Aktuell Seit Januar 2026 ist die Heli-Maintenance AG neu aufgestellt.Unter der Leitung von Gesch\u00e4ftsf\u00fchrer Marc Steinemann werden die bestehenden T\u00e4tigkeiten fortgef\u00fchrt und&hellip;&nbsp;<a href=\"https:\/\/www.heli-maintenance.ch\/\" rel=\"bookmark\"><span class=\"screen-reader-text\">Home<\/span><\/a><\/p>\n","protected":false},"author":1,"featured_media":0,"parent":0,"menu_order":0,"comment_status":"closed","ping_status":"closed","template":"","meta":{"neve_meta_sidebar":"","neve_meta_container":"","neve_meta_enable_content_width":"","neve_meta_content_width":0,"neve_meta_title_alignment":"","neve_meta_author_avatar":"","neve_post_elements_order":"","neve_meta_disable_header":"","neve_meta_disable_footer":"","neve_meta_disable_title":"","footnotes":""},"class_list":["post-20","page","type-page","status-publish","hentry"],"_links":{"self":[{"href":"https:\/\/www.heli-maintenance.ch\/index.php\/wp-json\/wp\/v2\/pages\/20","targetHints":{"allow":["GET"]}}],"collection":[{"href":"https:\/\/www.heli-maintenance.ch\/index.php\/wp-json\/wp\/v2\/pages"}],"about":[{"href":"https:\/\/www.heli-maintenance.ch\/index.php\/wp-json\/wp\/v2\/types\/page"}],"author":[{"embeddable":true,"href":"https:\/\/www.heli-maintenance.ch\/index.php\/wp-json\/wp\/v2\/users\/1"}],"replies":[{"embeddable":true,"href":"https:\/\/www.heli-maintenance.ch\/index.php\/wp-json\/wp\/v2\/comments?post=20"}],"version-history":[{"count":10,"href":"https:\/\/www.heli-maintenance.ch\/index.php\/wp-json\/wp\/v2\/pages\/20\/revisions"}],"predecessor-version":[{"id":177,"href":"https:\/\/www.heli-maintenance.ch\/index.php\/wp-json\/wp\/v2\/pages\/20\/revisions\/177"}],"wp:attachment":[{"href":"https:\/\/www.heli-maintenance.ch\/index.php\/wp-json\/wp\/v2\/media?parent=20"}],"curies":[{"name":"wp","href":"https:\/\/api.w.org\/{rel}","templated":true}]}}